{"id":51,"date":"2021-03-11T10:16:07","date_gmt":"2021-03-11T16:16:07","guid":{"rendered":"https:\/\/cmmundial.com\/?page_id=51"},"modified":"2021-04-20T16:50:06","modified_gmt":"2021-04-20T22:50:06","slug":"inicio","status":"publish","type":"page","link":"https:\/\/cmmundial.com\/","title":{"rendered":"Inicio"},"content":{"rendered":"<p>[vc_row type=\u00bbfull-width\u00bb][vc_column][rev_slider_vc alias=\u00bbhome-mobile-1&#8243;][\/vc_column][\/vc_row][vc_row top_margin=\u00bbpage-margin-top-section\u00bb][vc_column width=\u00bb1\/2&#8243;][vc_single_image image=\u00bb70&#8243; img_size=\u00bbfull\u00bb style=\u00bbvc_box_shadow_3d\u00bb][\/vc_column][vc_column width=\u00bb1\/2&#8243;]<h3 class=\"box-header\">Corporaci\u00f3n Manufacturera Mundial<\/h3><h2 class=\"box-header no-border\">\u00a1Somos m\u00e1s que una f\u00e1brica! somos CMM!<\/h2>[vc_column_text el_class=\u00bblarge margin-top-10&#8243;]<\/p>\n<p style=\"text-align: justify;\">Comprometidos con la salud de toda la poblaci\u00f3n Guatemalteca y de Centroam\u00e9rica. CMM esta orgulloso de llegar alcanzar la capacidad de producci\u00f3n de 5,000 unidades diarias de caretas protectoras!<\/p>\n<p style=\"text-align: justify;\">Siguiendo con nuestro compromiso damos a conocer qu\u00e9 al final del mes de Mayo 2020, estaremos cerca de la capacidad de 20,000 unidades diarias de producci\u00f3n.<\/p>\n<p style=\"text-align: justify;\">Gracias a todos los m\u00e9dicos, empresas y personas individuales que han ayudado a combatir esta pandemia.<\/p>\n<p>[\/vc_column_text][\/vc_column][\/vc_row]<\/p>\n","protected":false},"excerpt":{"rendered":"<p>[vc_row type=\u00bbfull-width\u00bb][vc_column][rev_slider_vc alias=\u00bbhome-mobile-1&#8243;][\/vc_column][\/vc_row][vc_row top_margin=\u00bbpage-margin-top-section\u00bb][vc_column width=\u00bb1\/2&#8243;][vc_single_image image=\u00bb70&#8243; img_size=\u00bbfull\u00bb style=\u00bbvc_box_shadow_3d\u00bb][\/vc_column][vc_column width=\u00bb1\/2&#8243;][vc_column_text el_class=\u00bblarge margin-top-10&#8243;] Comprometidos con la salud de toda la poblaci\u00f3n Guatemalteca y de Centroam\u00e9rica. CMM esta orgulloso de llegar alcanzar la capacidad de producci\u00f3n de 5,000 unidades diarias de caretas protectoras! Siguiendo con nuestro compromiso damos a conocer qu\u00e9 al final del mes de Mayo 2020,<\/p>\n","protected":false},"author":1,"featured_media":0,"parent":0,"menu_order":0,"comment_status":"closed","ping_status":"closed","template":"template-home.php","meta":{"footnotes":""},"class_list":["post-51","page","type-page","status-publish","hentry"],"_links":{"self":[{"href":"https:\/\/cmmundial.com\/index.php?rest_route=\/wp\/v2\/pages\/51","targetHints":{"allow":["GET"]}}],"collection":[{"href":"https:\/\/cmmundial.com\/index.php?rest_route=\/wp\/v2\/pages"}],"about":[{"href":"https:\/\/cmmundial.com\/index.php?rest_route=\/wp\/v2\/types\/page"}],"author":[{"embeddable":true,"href":"https:\/\/cmmundial.com\/index.php?rest_route=\/wp\/v2\/users\/1"}],"replies":[{"embeddable":true,"href":"https:\/\/cmmundial.com\/index.php?rest_route=%2Fwp%2Fv2%2Fcomments&post=51"}],"version-history":[{"count":9,"href":"https:\/\/cmmundial.com\/index.php?rest_route=\/wp\/v2\/pages\/51\/revisions"}],"predecessor-version":[{"id":73,"href":"https:\/\/cmmundial.com\/index.php?rest_route=\/wp\/v2\/pages\/51\/revisions\/73"}],"wp:attachment":[{"href":"https:\/\/cmmundial.com\/index.php?rest_route=%2Fwp%2Fv2%2Fmedia&parent=51"}],"curies":[{"name":"wp","href":"https:\/\/api.w.org\/{rel}","templated":true}]}}